{"id":103,"date":"2020-02-14T16:21:50","date_gmt":"2020-02-14T16:21:50","guid":{"rendered":"http:\/\/ostseeferien-preuss.de\/?page_id=103"},"modified":"2020-02-14T16:21:50","modified_gmt":"2020-02-14T16:21:50","slug":"datenschutzerklaerung","status":"publish","type":"page","link":"http:\/\/ostseeferien-preuss.de\/?page_id=103","title":{"rendered":"Datenschutzerkl\u00e4rung"},"content":{"rendered":"\n<h2 class=\"wp-block-heading\">Wer wir sind<\/h2>\n\n\n\n<p>Die Adresse unserer Website ist: http:\/\/ostseeferien-preuss.de.<\/p>\n\n\n\n<h2 class=\"wp-block-heading\">Welche personenbezogenen Daten wir sammeln und warum wir sie sammeln<\/h2>\n\n\n\n<h3 class=\"wp-block-heading\">Cookies<\/h3>\n\n\n\n<p>Wenn du einen Kommentar auf unserer Website schreibst, kann das eine Einwilligung sein, deinen Namen, E-Mail-Adresse und Website in Cookies zu speichern. Dies ist eine Komfortfunktion, damit du nicht, wenn du einen weiteren Kommentar schreibst, all diese Daten erneut eingeben musst. Diese Cookies werden ein Jahr lang gespeichert.<\/p>\n\n\n\n<p>Falls du ein Konto hast und dich auf dieser Website anmeldest, werden wir ein tempor\u00e4res Cookie setzen, um festzustellen, ob dein Browser Cookies akzeptiert. Dieses Cookie enth\u00e4lt keine personenbezogenen Daten und wird verworfen, wenn du deinen Browser schlie\u00dft.<\/p>\n\n\n\n<p>Wenn du dich anmeldest, werden wir einige Cookies einrichten, um deine Anmeldeinformationen und Anzeigeoptionen zu speichern. Anmelde-Cookies verfallen nach zwei Tagen und Cookies f\u00fcr die Anzeigeoptionen nach einem Jahr. Falls du bei der Anmeldung \u201eAngemeldet bleiben\u201c ausw\u00e4hlst, wird deine Anmeldung zwei Wochen lang aufrechterhalten. Mit der Abmeldung aus deinem Konto werden die Anmelde-Cookies gel\u00f6scht.<\/p>\n\n\n\n<h2 class=\"wp-block-heading\">Wie lange wir deine Daten speichern<\/h2>\n\n\n\n<p>Wenn du einen Kommentar schreibst, wird dieser inklusive Metadaten zeitlich unbegrenzt gespeichert. Auf diese Art k\u00f6nnen wir Folgekommentare automatisch erkennen und freigeben, anstelle sie in einer Moderations-Warteschlange festzuhalten.<\/p>\n\n\n\n<p>F\u00fcr Benutzer, die sich auf unserer Website registrieren, speichern wir zus\u00e4tzlich die pers\u00f6nlichen Informationen, die sie in ihren Benutzerprofilen angeben. Alle Benutzer k\u00f6nnen jederzeit ihre pers\u00f6nlichen Informationen einsehen, ver\u00e4ndern oder l\u00f6schen (der Benutzername kann nicht ver\u00e4ndert werden). Administratoren der Website k\u00f6nnen diese Informationen ebenfalls einsehen und ver\u00e4ndern.<\/p>\n","protected":false},"excerpt":{"rendered":"<p>Wer wir sind Die Adresse unserer Website ist: http:\/\/ostseeferien-preuss.de. Welche personenbezogenen Daten wir sammeln und warum wir sie sammeln Cookies Wenn du einen Kommentar auf unserer Website schreibst, kann das eine Einwilligung sein, deinen Namen, E-Mail-Adresse und Website in Cookies zu speichern. Dies ist eine Komfortfunktion, damit du nicht, wenn du einen weiteren Kommentar schreibst, &hellip; <\/p>\n<p class=\"link-more\"><a href=\"http:\/\/ostseeferien-preuss.de\/?page_id=103\" class=\"more-link\"><span class=\"screen-reader-text\">\u201eDatenschutzerkl\u00e4rung\u201c<\/span> weiterlesen<\/a><\/p>\n","protected":false},"author":1,"featured_media":0,"parent":0,"menu_order":0,"comment_status":"closed","ping_status":"closed","template":"","meta":{"footnotes":""},"class_list":["post-103","page","type-page","status-publish","hentry"],"yoast_head":"<!-- This site is optimized with the Yoast SEO plugin v24.9 - https:\/\/yoast.com\/wordpress\/plugins\/seo\/ -->\n<title>Datenschutzerkl\u00e4rung - Ostseeferien Preuss<\/title>\n<meta name=\"robots\" content=\"index, follow, max-snippet:-1, max-image-preview:large, max-video-preview:-1\" \/>\n<link rel=\"canonical\" href=\"http:\/\/ostseeferien-preuss.de\/?page_id=103\" \/>\n<meta property=\"og:locale\" content=\"de_DE\" \/>\n<meta property=\"og:type\" content=\"article\" \/>\n<meta property=\"og:title\" content=\"Datenschutzerkl\u00e4rung - Ostseeferien Preuss\" \/>\n<meta property=\"og:description\" content=\"Wer wir sind Die Adresse unserer Website ist: http:\/\/ostseeferien-preuss.de. Welche personenbezogenen Daten wir sammeln und warum wir sie sammeln Cookies Wenn du einen Kommentar auf unserer Website schreibst, kann das eine Einwilligung sein, deinen Namen, E-Mail-Adresse und Website in Cookies zu speichern. Dies ist eine Komfortfunktion, damit du nicht, wenn du einen weiteren Kommentar schreibst, &hellip; \u201eDatenschutzerkl\u00e4rung\u201c weiterlesen\" \/>\n<meta property=\"og:url\" content=\"http:\/\/ostseeferien-preuss.de\/?page_id=103\" \/>\n<meta property=\"og:site_name\" content=\"Ostseeferien Preuss\" \/>\n<meta name=\"twitter:card\" content=\"summary_large_image\" \/>\n<meta name=\"twitter:label1\" content=\"Gesch\u00e4tzte Lesezeit\" \/>\n\t<meta name=\"twitter:data1\" content=\"1\u00a0Minute\" \/>\n<script type=\"application\/ld+json\" class=\"yoast-schema-graph\">{\"@context\":\"https:\/\/schema.org\",\"@graph\":[{\"@type\":\"WebPage\",\"@id\":\"http:\/\/ostseeferien-preuss.de\/?page_id=103\",\"url\":\"http:\/\/ostseeferien-preuss.de\/?page_id=103\",\"name\":\"Datenschutzerkl\u00e4rung - Ostseeferien Preuss\",\"isPartOf\":{\"@id\":\"http:\/\/ostseeferien-preuss.de\/#website\"},\"datePublished\":\"2020-02-14T16:21:50+00:00\",\"breadcrumb\":{\"@id\":\"http:\/\/ostseeferien-preuss.de\/?page_id=103#breadcrumb\"},\"inLanguage\":\"de\",\"potentialAction\":[{\"@type\":\"ReadAction\",\"target\":[\"http:\/\/ostseeferien-preuss.de\/?page_id=103\"]}]},{\"@type\":\"BreadcrumbList\",\"@id\":\"http:\/\/ostseeferien-preuss.de\/?page_id=103#breadcrumb\",\"itemListElement\":[{\"@type\":\"ListItem\",\"position\":1,\"name\":\"Startseite\",\"item\":\"http:\/\/ostseeferien-preuss.de\/\"},{\"@type\":\"ListItem\",\"position\":2,\"name\":\"Datenschutzerkl\u00e4rung\"}]},{\"@type\":\"WebSite\",\"@id\":\"http:\/\/ostseeferien-preuss.de\/#website\",\"url\":\"http:\/\/ostseeferien-preuss.de\/\",\"name\":\"Ostseeferien Preuss\",\"description\":\"Urlaub in Ostholstein\",\"publisher\":{\"@id\":\"http:\/\/ostseeferien-preuss.de\/#organization\"},\"potentialAction\":[{\"@type\":\"SearchAction\",\"target\":{\"@type\":\"EntryPoint\",\"urlTemplate\":\"http:\/\/ostseeferien-preuss.de\/?s={search_term_string}\"},\"query-input\":{\"@type\":\"PropertyValueSpecification\",\"valueRequired\":true,\"valueName\":\"search_term_string\"}}],\"inLanguage\":\"de\"},{\"@type\":\"Organization\",\"@id\":\"http:\/\/ostseeferien-preuss.de\/#organization\",\"name\":\"Ostseeferien Preuss\",\"url\":\"http:\/\/ostseeferien-preuss.de\/\",\"logo\":{\"@type\":\"ImageObject\",\"inLanguage\":\"de\",\"@id\":\"http:\/\/ostseeferien-preuss.de\/#\/schema\/logo\/image\/\",\"url\":\"http:\/\/ostseeferien-preuss.de\/wp-content\/uploads\/2020\/02\/cropped-Bild0325.jpg\",\"contentUrl\":\"http:\/\/ostseeferien-preuss.de\/wp-content\/uploads\/2020\/02\/cropped-Bild0325.jpg\",\"width\":245,\"height\":250,\"caption\":\"Ostseeferien Preuss\"},\"image\":{\"@id\":\"http:\/\/ostseeferien-preuss.de\/#\/schema\/logo\/image\/\"}}]}<\/script>\n<!-- \/ Yoast SEO plugin. -->","yoast_head_json":{"title":"Datenschutzerkl\u00e4rung - Ostseeferien Preuss","robots":{"index":"index","follow":"follow","max-snippet":"max-snippet:-1","max-image-preview":"max-image-preview:large","max-video-preview":"max-video-preview:-1"},"canonical":"http:\/\/ostseeferien-preuss.de\/?page_id=103","og_locale":"de_DE","og_type":"article","og_title":"Datenschutzerkl\u00e4rung - Ostseeferien Preuss","og_description":"Wer wir sind Die Adresse unserer Website ist: http:\/\/ostseeferien-preuss.de. Welche personenbezogenen Daten wir sammeln und warum wir sie sammeln Cookies Wenn du einen Kommentar auf unserer Website schreibst, kann das eine Einwilligung sein, deinen Namen, E-Mail-Adresse und Website in Cookies zu speichern. Dies ist eine Komfortfunktion, damit du nicht, wenn du einen weiteren Kommentar schreibst, &hellip; \u201eDatenschutzerkl\u00e4rung\u201c weiterlesen","og_url":"http:\/\/ostseeferien-preuss.de\/?page_id=103","og_site_name":"Ostseeferien Preuss","twitter_card":"summary_large_image","twitter_misc":{"Gesch\u00e4tzte Lesezeit":"1\u00a0Minute"},"schema":{"@context":"https:\/\/schema.org","@graph":[{"@type":"WebPage","@id":"http:\/\/ostseeferien-preuss.de\/?page_id=103","url":"http:\/\/ostseeferien-preuss.de\/?page_id=103","name":"Datenschutzerkl\u00e4rung - Ostseeferien Preuss","isPartOf":{"@id":"http:\/\/ostseeferien-preuss.de\/#website"},"datePublished":"2020-02-14T16:21:50+00:00","breadcrumb":{"@id":"http:\/\/ostseeferien-preuss.de\/?page_id=103#breadcrumb"},"inLanguage":"de","potentialAction":[{"@type":"ReadAction","target":["http:\/\/ostseeferien-preuss.de\/?page_id=103"]}]},{"@type":"BreadcrumbList","@id":"http:\/\/ostseeferien-preuss.de\/?page_id=103#breadcrumb","itemListElement":[{"@type":"ListItem","position":1,"name":"Startseite","item":"http:\/\/ostseeferien-preuss.de\/"},{"@type":"ListItem","position":2,"name":"Datenschutzerkl\u00e4rung"}]},{"@type":"WebSite","@id":"http:\/\/ostseeferien-preuss.de\/#website","url":"http:\/\/ostseeferien-preuss.de\/","name":"Ostseeferien Preuss","description":"Urlaub in Ostholstein","publisher":{"@id":"http:\/\/ostseeferien-preuss.de\/#organization"},"potentialAction":[{"@type":"SearchAction","target":{"@type":"EntryPoint","urlTemplate":"http:\/\/ostseeferien-preuss.de\/?s={search_term_string}"},"query-input":{"@type":"PropertyValueSpecification","valueRequired":true,"valueName":"search_term_string"}}],"inLanguage":"de"},{"@type":"Organization","@id":"http:\/\/ostseeferien-preuss.de\/#organization","name":"Ostseeferien Preuss","url":"http:\/\/ostseeferien-preuss.de\/","logo":{"@type":"ImageObject","inLanguage":"de","@id":"http:\/\/ostseeferien-preuss.de\/#\/schema\/logo\/image\/","url":"http:\/\/ostseeferien-preuss.de\/wp-content\/uploads\/2020\/02\/cropped-Bild0325.jpg","contentUrl":"http:\/\/ostseeferien-preuss.de\/wp-content\/uploads\/2020\/02\/cropped-Bild0325.jpg","width":245,"height":250,"caption":"Ostseeferien Preuss"},"image":{"@id":"http:\/\/ostseeferien-preuss.de\/#\/schema\/logo\/image\/"}}]}},"_links":{"self":[{"href":"http:\/\/ostseeferien-preuss.de\/index.php?rest_route=\/wp\/v2\/pages\/103","targetHints":{"allow":["GET"]}}],"collection":[{"href":"http:\/\/ostseeferien-preuss.de\/index.php?rest_route=\/wp\/v2\/pages"}],"about":[{"href":"http:\/\/ostseeferien-preuss.de\/index.php?rest_route=\/wp\/v2\/types\/page"}],"author":[{"embeddable":true,"href":"http:\/\/ostseeferien-preuss.de\/index.php?rest_route=\/wp\/v2\/users\/1"}],"replies":[{"embeddable":true,"href":"http:\/\/ostseeferien-preuss.de\/index.php?rest_route=%2Fwp%2Fv2%2Fcomments&post=103"}],"version-history":[{"count":1,"href":"http:\/\/ostseeferien-preuss.de\/index.php?rest_route=\/wp\/v2\/pages\/103\/revisions"}],"predecessor-version":[{"id":104,"href":"http:\/\/ostseeferien-preuss.de\/index.php?rest_route=\/wp\/v2\/pages\/103\/revisions\/104"}],"wp:attachment":[{"href":"http:\/\/ostseeferien-preuss.de\/index.php?rest_route=%2Fwp%2Fv2%2Fmedia&parent=103"}],"curies":[{"name":"wp","href":"https:\/\/api.w.org\/{rel}","templated":true}]}}